{"id":1740,"date":"2023-05-16T01:37:52","date_gmt":"2023-05-15T23:37:52","guid":{"rendered":"https:\/\/migrupa.com\/?page_id=1740"},"modified":"2024-04-03T10:55:17","modified_gmt":"2024-04-03T08:55:17","slug":"montazni-stambeni-objekti","status":"publish","type":"page","link":"https:\/\/migrupa.com\/en\/montazni-stambeni-objekti\/","title":{"rendered":"Prefabricated residental buildings"},"content":{"rendered":"<div class=\"wpb-content-wrapper\"><div class=\"vc_row wpb_row vc_row-fluid vc_custom_1474268037787\"><div class=\"wpb_column vc_column_container vc_col-sm-8 vc_col-lg-12 vc_col-md-12 vc_col-xs-12\"><div class=\"vc_column-inner\"><div class=\"wpb_wrapper\"><div id=\"ultimate-heading-197769f4803cf0bf1\" class=\"uvc-heading ult-adjust-bottom-margin ultimate-heading-197769f4803cf0bf1 uvc-9281 accent-border-color\" data-hspacer=\"line_only\"  data-halign=\"left\" style=\"text-align:left\"><div class=\"uvc-main-heading ult-responsive\"  data-ultimate-target='.uvc-heading.ultimate-heading-197769f4803cf0bf1 h2'  data-responsive-json-new='{\"font-size\":\"desktop:26px;\",\"line-height\":\"desktop:36px;\"}' ><h2 style=\"font-weight:bold;\">Prefabricated residental buildings<\/h2><\/div><div class=\"uvc-heading-spacer line_only\" style=\"margin-top:15px;margin-bottom:30px;height:4px;\"><span class=\"uvc-headings-line\" style=\"border-style:solid;border-bottom-width:4px;border-color:;width:50px;\"><\/span><\/div><\/div><\/div><\/div><\/div><\/div><div class=\"vc_row wpb_row vc_row-fluid\"><div class=\"wpb_column vc_column_container vc_col-sm-8\"><div class=\"vc_column-inner\"><div class=\"wpb_wrapper\">\n\t<div class=\"wpb_text_column wpb_content_element  vc_custom_1689921744697\" >\n\t\t<div class=\"wpb_wrapper\">\n\t\t\t<p>The prefabricated elements of the building are prefabricated reinforced concrete, which are produced in the production plant, transported and assembled on the construction site.<\/p>\n<p>The load-bearing structure consists of:<\/p>\n<ul>\n<li>vertical elements: prefabricated reinforced concrete columns and reinforced concrete walls (external and internal)<\/li>\n<li>horizontal elements: foundation strips and feet, beams, and slabs (TT slabs, hollow core slabs, omnia slabs)<\/li>\n<\/ul>\n<p>Prefabricated slabs are supported with RC walls at \ufb02 o or, storey  and roof level. External RC wall (panel) is a high-quality insulation facade system in a modular construction and is especially suitable for residential construction.<\/p>\n\n\t\t<\/div>\n\t<\/div>\n\n\t<div class=\"wpb_text_column wpb_content_element\" >\n\t\t<div class=\"wpb_wrapper\">\n\t\t\t<p><b>Prefabricated RC residential buildings are designed for the most unfavorable <\/b><b>climate and seism<\/b><b>i<\/b><b>c conditions.<\/b><\/p>\n\n\t\t<\/div>\n\t<\/div>\n<\/div><\/div><\/div><div class=\"wpb_column vc_column_container vc_col-sm-4\"><div class=\"vc_column-inner\"><div class=\"wpb_wrapper\">\n\t<div  class=\"wpb_single_image wpb_content_element vc_align_left\">\n\t\t\n\t\t<figure class=\"wpb_wrapper vc_figure\">\n\t\t\t<div class=\"vc_single_image-wrapper   vc_box_border_grey\"><img loading=\"lazy\" decoding=\"async\" width=\"300\" height=\"300\" src=\"https:\/\/migrupa.com\/wp-content\/uploads\/2023\/05\/plan-1-300x300.jpg\" class=\"vc_single_image-img attachment-medium\" alt=\"\" title=\"\" srcset=\"https:\/\/migrupa.com\/wp-content\/uploads\/2023\/05\/plan-1-300x300.jpg 300w, https:\/\/migrupa.com\/wp-content\/uploads\/2023\/05\/plan-1-150x150.jpg 150w, https:\/\/migrupa.com\/wp-content\/uploads\/2023\/05\/plan-1-12x12.jpg 12w, https:\/\/migrupa.com\/wp-content\/uploads\/2023\/05\/plan-1.jpg 620w\" sizes=\"auto, (max-width: 300px) 100vw, 300px\"  data-dt-location=\"https:\/\/migrupa.com\/en\/montazni-stambeni-objekti\/plan-2\/\" \/><\/div>\n\t\t<\/figure>\n\t<\/div>\n<\/div><\/div><\/div><\/div><div class=\"vc_row wpb_row vc_row-fluid\"><div class=\"wpb_column vc_column_container vc_col-sm-12\"><div class=\"vc_column-inner\"><div class=\"wpb_wrapper\">\n<div class=\"vc_grid-container-wrapper vc_clearfix vc_grid-animation-fadeIn\">\n\t<div class=\"vc_grid-container vc_clearfix wpb_content_element vc_media_grid\" data-initial-loading-animation=\"fadeIn\" data-vc-grid-settings=\"{&quot;page_id&quot;:1740,&quot;style&quot;:&quot;all&quot;,&quot;action&quot;:&quot;vc_get_vc_grid_data&quot;,&quot;shortcode_id&quot;:&quot;1712134239623-26a1345685f340f837798f48f0fbfb09-1&quot;,&quot;tag&quot;:&quot;vc_media_grid&quot;}\" data-vc-request=\"https:\/\/migrupa.com\/wp-admin\/admin-ajax.php\" data-vc-post-id=\"1740\" data-vc-public-nonce=\"e5c337ed84\">\n\t\t\n\t<\/div>\n<\/div><div class=\"vc_separator wpb_content_element vc_separator_align_center vc_sep_width_100 vc_sep_border_width_4 vc_sep_pos_align_center vc_separator_no_text vc_sep_color_grey\" ><span class=\"vc_sep_holder vc_sep_holder_l\"><span class=\"vc_sep_line\"><\/span><\/span><span class=\"vc_sep_holder vc_sep_holder_r\"><span class=\"vc_sep_line\"><\/span><\/span>\n<\/div><\/div><\/div><\/div><\/div><div class=\"vc_row wpb_row vc_row-fluid\"><div class=\"wpb_column vc_column_container vc_col-sm-12\"><div class=\"vc_column-inner\"><div class=\"wpb_wrapper\">\n\t<div  class=\"wpb_single_image wpb_content_element vc_align_center  vc_custom_1684300607374\">\n\t\t<h2 class=\"wpb_heading wpb_singleimage_heading\">Multi-storey building<\/h2>\n\t\t<figure class=\"wpb_wrapper vc_figure\">\n\t\t\t<div class=\"vc_single_image-wrapper   vc_box_border_grey\"><img loading=\"lazy\" decoding=\"async\" width=\"1800\" height=\"1289\" src=\"https:\/\/migrupa.com\/wp-content\/uploads\/2023\/05\/Stube-2022-1.jpg\" class=\"vc_single_image-img attachment-full\" alt=\"\" title=\"\" srcset=\"https:\/\/migrupa.com\/wp-content\/uploads\/2023\/05\/Stube-2022-1.jpg 1800w, https:\/\/migrupa.com\/wp-content\/uploads\/2023\/05\/Stube-2022-1-300x215.jpg 300w, https:\/\/migrupa.com\/wp-content\/uploads\/2023\/05\/Stube-2022-1-1024x733.jpg 1024w, https:\/\/migrupa.com\/wp-content\/uploads\/2023\/05\/Stube-2022-1-768x550.jpg 768w, https:\/\/migrupa.com\/wp-content\/uploads\/2023\/05\/Stube-2022-1-1536x1100.jpg 1536w, https:\/\/migrupa.com\/wp-content\/uploads\/2023\/05\/Stube-2022-1-18x12.jpg 18w\" sizes=\"auto, (max-width: 1800px) 100vw, 1800px\"  data-dt-location=\"https:\/\/migrupa.com\/en\/montazni-stambeni-objekti\/stube-2022-1\/\" \/><\/div>\n\t\t<\/figure>\n\t<\/div>\n\n\t<div  class=\"wpb_single_image wpb_content_element vc_align_center\">\n\t\t\n\t\t<figure class=\"wpb_wrapper vc_figure\">\n\t\t\t<div class=\"vc_single_image-wrapper   vc_box_border_grey\"><img loading=\"lazy\" decoding=\"async\" width=\"1024\" height=\"594\" src=\"https:\/\/migrupa.com\/wp-content\/uploads\/2023\/05\/Stube-2022-2-1024x594.jpg\" class=\"vc_single_image-img attachment-large\" alt=\"\" title=\"\" srcset=\"https:\/\/migrupa.com\/wp-content\/uploads\/2023\/05\/Stube-2022-2-1024x594.jpg 1024w, https:\/\/migrupa.com\/wp-content\/uploads\/2023\/05\/Stube-2022-2-300x174.jpg 300w, https:\/\/migrupa.com\/wp-content\/uploads\/2023\/05\/Stube-2022-2-768x445.jpg 768w, https:\/\/migrupa.com\/wp-content\/uploads\/2023\/05\/Stube-2022-2-1536x891.jpg 1536w, https:\/\/migrupa.com\/wp-content\/uploads\/2023\/05\/Stube-2022-2-18x10.jpg 18w, https:\/\/migrupa.com\/wp-content\/uploads\/2023\/05\/Stube-2022-2.jpg 1800w\" sizes=\"auto, (max-width: 1024px) 100vw, 1024px\"  data-dt-location=\"https:\/\/migrupa.com\/en\/montazni-stambeni-objekti\/stube-2022-2\/\" \/><\/div><figcaption class=\"vc_figure-caption\">FLOOR PLAN<\/figcaption>\n\t\t<\/figure>\n\t<\/div>\n\n\t<div  class=\"wpb_single_image wpb_content_element vc_align_center\">\n\t\t\n\t\t<figure class=\"wpb_wrapper vc_figure\">\n\t\t\t<div class=\"vc_single_image-wrapper   vc_box_border_grey\"><img loading=\"lazy\" decoding=\"async\" width=\"1024\" height=\"594\" src=\"https:\/\/migrupa.com\/wp-content\/uploads\/2023\/06\/Stube-2022-3-1024x594.jpg\" class=\"vc_single_image-img attachment-large\" alt=\"\" title=\"Stube-2022-3\" srcset=\"https:\/\/migrupa.com\/wp-content\/uploads\/2023\/06\/Stube-2022-3-1024x594.jpg 1024w, https:\/\/migrupa.com\/wp-content\/uploads\/2023\/06\/Stube-2022-3-300x174.jpg 300w, https:\/\/migrupa.com\/wp-content\/uploads\/2023\/06\/Stube-2022-3-768x445.jpg 768w, https:\/\/migrupa.com\/wp-content\/uploads\/2023\/06\/Stube-2022-3-1536x891.jpg 1536w, https:\/\/migrupa.com\/wp-content\/uploads\/2023\/06\/Stube-2022-3-18x10.jpg 18w, https:\/\/migrupa.com\/wp-content\/uploads\/2023\/06\/Stube-2022-3.jpg 1800w\" sizes=\"auto, (max-width: 1024px) 100vw, 1024px\"  data-dt-location=\"https:\/\/migrupa.com\/en\/montazni-stambeni-objekti\/stube-2022-3-2\/\" \/><\/div>\n\t\t<\/figure>\n\t<\/div>\n<\/div><\/div><\/div><\/div><div class=\"vc_row wpb_row vc_row-fluid\"><div class=\"wpb_column vc_column_container vc_col-sm-12\"><div class=\"vc_column-inner\"><div class=\"wpb_wrapper\">\n\t<div  class=\"wpb_single_image wpb_content_element vc_align_center  vc_custom_1684231843711\">\n\t\t<h2 class=\"wpb_heading wpb_singleimage_heading\">Two-story building<\/h2>\n\t\t<figure class=\"wpb_wrapper vc_figure\">\n\t\t\t<div class=\"vc_single_image-wrapper   vc_box_border_grey\"><img loading=\"lazy\" decoding=\"async\" width=\"1800\" height=\"900\" src=\"https:\/\/migrupa.com\/wp-content\/uploads\/2023\/05\/DvoEtazni-s1.jpg\" class=\"vc_single_image-img attachment-full\" alt=\"\" title=\"\" srcset=\"https:\/\/migrupa.com\/wp-content\/uploads\/2023\/05\/DvoEtazni-s1.jpg 1800w, https:\/\/migrupa.com\/wp-content\/uploads\/2023\/05\/DvoEtazni-s1-300x150.jpg 300w, https:\/\/migrupa.com\/wp-content\/uploads\/2023\/05\/DvoEtazni-s1-1024x512.jpg 1024w, https:\/\/migrupa.com\/wp-content\/uploads\/2023\/05\/DvoEtazni-s1-768x384.jpg 768w, https:\/\/migrupa.com\/wp-content\/uploads\/2023\/05\/DvoEtazni-s1-1536x768.jpg 1536w, https:\/\/migrupa.com\/wp-content\/uploads\/2023\/05\/DvoEtazni-s1-18x9.jpg 18w\" sizes=\"auto, (max-width: 1800px) 100vw, 1800px\"  data-dt-location=\"https:\/\/migrupa.com\/en\/montazni-stambeni-objekti\/dvoetazni-s1\/\" \/><\/div>\n\t\t<\/figure>\n\t<\/div>\n\n\t<div  class=\"wpb_single_image wpb_content_element vc_align_center\">\n\t\t\n\t\t<figure class=\"wpb_wrapper vc_figure\">\n\t\t\t<div class=\"vc_single_image-wrapper   vc_box_border_grey\"><img loading=\"lazy\" decoding=\"async\" width=\"1024\" height=\"576\" src=\"https:\/\/migrupa.com\/wp-content\/uploads\/2023\/06\/DvoEtazni-s1-02-1024x576.jpg\" class=\"vc_single_image-img attachment-large\" alt=\"\" title=\"DvoEtazni-s1-02+\" srcset=\"https:\/\/migrupa.com\/wp-content\/uploads\/2023\/06\/DvoEtazni-s1-02-1024x576.jpg 1024w, https:\/\/migrupa.com\/wp-content\/uploads\/2023\/06\/DvoEtazni-s1-02-300x169.jpg 300w, https:\/\/migrupa.com\/wp-content\/uploads\/2023\/06\/DvoEtazni-s1-02-768x432.jpg 768w, https:\/\/migrupa.com\/wp-content\/uploads\/2023\/06\/DvoEtazni-s1-02-1536x864.jpg 1536w, https:\/\/migrupa.com\/wp-content\/uploads\/2023\/06\/DvoEtazni-s1-02-18x10.jpg 18w, https:\/\/migrupa.com\/wp-content\/uploads\/2023\/06\/DvoEtazni-s1-02.jpg 1800w\" sizes=\"auto, (max-width: 1024px) 100vw, 1024px\"  data-dt-location=\"https:\/\/migrupa.com\/en\/montazni-stambeni-objekti\/dvoetazni-s1-02-2\/\" \/><\/div>\n\t\t<\/figure>\n\t<\/div>\n\n\t<div class=\"wpb_text_column wpb_content_element\" >\n\t\t<div class=\"wpb_wrapper\">\n\t\t\t<p style=\"text-align: center;\"><strong>GROUND FLOOR   Net Area<\/strong><\/p>\n<p style=\"text-align: center;\"><strong>1<\/strong> &#8211; 60.47m2\u00a0 \u00a0 \u00a0<strong>2<\/strong> &#8211; 77.27m2\u00a0 \u00a0 <strong>3<\/strong> &#8211; 88.86m2\u00a0 \u00a0 <strong>4<\/strong> &#8211; 60.47m2<\/p>\n<p>&nbsp;<\/p>\n\n\t\t<\/div>\n\t<\/div>\n\n\t<div  class=\"wpb_single_image wpb_content_element vc_align_center\">\n\t\t\n\t\t<figure class=\"wpb_wrapper vc_figure\">\n\t\t\t<div class=\"vc_single_image-wrapper   vc_box_border_grey\"><img loading=\"lazy\" decoding=\"async\" width=\"1024\" height=\"576\" src=\"https:\/\/migrupa.com\/wp-content\/uploads\/2023\/06\/DvoEtazni-s1-03-1024x576.jpg\" class=\"vc_single_image-img attachment-large\" alt=\"\" title=\"DvoEtazni-s1-03+\" srcset=\"https:\/\/migrupa.com\/wp-content\/uploads\/2023\/06\/DvoEtazni-s1-03-1024x576.jpg 1024w, https:\/\/migrupa.com\/wp-content\/uploads\/2023\/06\/DvoEtazni-s1-03-300x169.jpg 300w, https:\/\/migrupa.com\/wp-content\/uploads\/2023\/06\/DvoEtazni-s1-03-768x432.jpg 768w, https:\/\/migrupa.com\/wp-content\/uploads\/2023\/06\/DvoEtazni-s1-03-1536x864.jpg 1536w, https:\/\/migrupa.com\/wp-content\/uploads\/2023\/06\/DvoEtazni-s1-03-18x10.jpg 18w, https:\/\/migrupa.com\/wp-content\/uploads\/2023\/06\/DvoEtazni-s1-03.jpg 1800w\" sizes=\"auto, (max-width: 1024px) 100vw, 1024px\"  data-dt-location=\"https:\/\/migrupa.com\/en\/montazni-stambeni-objekti\/dvoetazni-s1-03-2\/\" \/><\/div>\n\t\t<\/figure>\n\t<\/div>\n\n\t<div class=\"wpb_text_column wpb_content_element\" >\n\t\t<div class=\"wpb_wrapper\">\n\t\t\t<p style=\"text-align: center;\"><strong>FIRST FLOOR   Net Area<\/strong><\/p>\n<p style=\"text-align: center;\"><strong>5<\/strong> &#8211; 60.47m2\u00a0 \u00a0 \u00a0<strong>6<\/strong> &#8211; 55.07m2\u00a0 \u00a0 <strong>7<\/strong> &#8211; 55.07m2\u00a0 \u00a0 <strong>8<\/strong> &#8211; 55.07m2\u00a0 \u00a0 <strong>9<\/strong> &#8211; 60.47m2<\/p>\n<p>&nbsp;<\/p>\n\n\t\t<\/div>\n\t<\/div>\n<\/div><\/div><\/div><\/div><!-- Row Backgrounds --><div class=\"upb_color\" data-bg-override=\"ex-full\" data-bg-color=\"#e2e2e2\" data-fadeout=\"\" data-fadeout-percentage=\"30\" data-parallax-content=\"\" data-parallax-content-sense=\"30\" data-row-effect-mobile-disable=\"true\" data-img-parallax-mobile-disable=\"true\" data-rtl=\"false\"  data-custom-vc-row=\"\"  data-vc=\"7.4\"  data-is_old_vc=\"\"  data-theme-support=\"\"   data-overlay=\"false\" data-overlay-color=\"\" data-overlay-pattern=\"\" data-overlay-pattern-opacity=\"\" data-overlay-pattern-size=\"\"    ><\/div><div class=\"vc_row wpb_row vc_row-fluid\"><div class=\"wpb_column vc_column_container vc_col-sm-12\"><div class=\"vc_column-inner\"><div class=\"wpb_wrapper\">\n\t<div  class=\"wpb_single_image wpb_content_element vc_align_center  vc_custom_1684312942374\">\n\t\t<h2 class=\"wpb_heading wpb_singleimage_heading\">House Model 100<\/h2>\n\t\t<figure class=\"wpb_wrapper vc_figure\">\n\t\t\t<div class=\"vc_single_image-wrapper   vc_box_border_grey\"><img loading=\"lazy\" decoding=\"async\" width=\"1800\" height=\"900\" src=\"https:\/\/migrupa.com\/wp-content\/uploads\/2023\/05\/kuca100ext.jpg\" class=\"vc_single_image-img attachment-full\" alt=\"\" title=\"\" srcset=\"https:\/\/migrupa.com\/wp-content\/uploads\/2023\/05\/kuca100ext.jpg 1800w, https:\/\/migrupa.com\/wp-content\/uploads\/2023\/05\/kuca100ext-300x150.jpg 300w, https:\/\/migrupa.com\/wp-content\/uploads\/2023\/05\/kuca100ext-1024x512.jpg 1024w, https:\/\/migrupa.com\/wp-content\/uploads\/2023\/05\/kuca100ext-768x384.jpg 768w, https:\/\/migrupa.com\/wp-content\/uploads\/2023\/05\/kuca100ext-1536x768.jpg 1536w, https:\/\/migrupa.com\/wp-content\/uploads\/2023\/05\/kuca100ext-18x9.jpg 18w\" sizes=\"auto, (max-width: 1800px) 100vw, 1800px\"  data-dt-location=\"https:\/\/migrupa.com\/en\/montazni-stambeni-objekti\/kuca100ext\/\" \/><\/div>\n\t\t<\/figure>\n\t<\/div>\n\n\t<div  class=\"wpb_single_image wpb_content_element vc_align_center  vc_custom_1685715020820\">\n\t\t\n\t\t<figure class=\"wpb_wrapper vc_figure\">\n\t\t\t<div class=\"vc_single_image-wrapper   vc_box_border_grey\"><img loading=\"lazy\" decoding=\"async\" width=\"2560\" height=\"1440\" src=\"https:\/\/migrupa.com\/wp-content\/uploads\/2023\/06\/naselje-slika-scaled.jpg\" class=\"vc_single_image-img attachment-full\" alt=\"\" title=\"\" srcset=\"https:\/\/migrupa.com\/wp-content\/uploads\/2023\/06\/naselje-slika-scaled.jpg 2560w, https:\/\/migrupa.com\/wp-content\/uploads\/2023\/06\/naselje-slika-300x169.jpg 300w, https:\/\/migrupa.com\/wp-content\/uploads\/2023\/06\/naselje-slika-1024x576.jpg 1024w, https:\/\/migrupa.com\/wp-content\/uploads\/2023\/06\/naselje-slika-768x432.jpg 768w, https:\/\/migrupa.com\/wp-content\/uploads\/2023\/06\/naselje-slika-1536x864.jpg 1536w, https:\/\/migrupa.com\/wp-content\/uploads\/2023\/06\/naselje-slika-2048x1152.jpg 2048w, https:\/\/migrupa.com\/wp-content\/uploads\/2023\/06\/naselje-slika-18x10.jpg 18w\" sizes=\"auto, (max-width: 2560px) 100vw, 2560px\"  data-dt-location=\"https:\/\/migrupa.com\/en\/montazni-stambeni-objekti\/naselje-slika\/\" \/><\/div>\n\t\t<\/figure>\n\t<\/div>\n\n\t<div  class=\"wpb_single_image wpb_content_element vc_align_center\">\n\t\t\n\t\t<figure class=\"wpb_wrapper vc_figure\">\n\t\t\t<div class=\"vc_single_image-wrapper   vc_box_border_grey\"><img loading=\"lazy\" decoding=\"async\" width=\"1800\" height=\"900\" src=\"https:\/\/migrupa.com\/wp-content\/uploads\/2023\/06\/kuca-02-pov.jpg\" class=\"vc_single_image-img attachment-full\" alt=\"\" title=\"kuca-02-pov+\" srcset=\"https:\/\/migrupa.com\/wp-content\/uploads\/2023\/06\/kuca-02-pov.jpg 1800w, https:\/\/migrupa.com\/wp-content\/uploads\/2023\/06\/kuca-02-pov-300x150.jpg 300w, https:\/\/migrupa.com\/wp-content\/uploads\/2023\/06\/kuca-02-pov-1024x512.jpg 1024w, https:\/\/migrupa.com\/wp-content\/uploads\/2023\/06\/kuca-02-pov-768x384.jpg 768w, https:\/\/migrupa.com\/wp-content\/uploads\/2023\/06\/kuca-02-pov-1536x768.jpg 1536w, https:\/\/migrupa.com\/wp-content\/uploads\/2023\/06\/kuca-02-pov-18x9.jpg 18w\" sizes=\"auto, (max-width: 1800px) 100vw, 1800px\"  data-dt-location=\"https:\/\/migrupa.com\/en\/montazni-stambeni-objekti\/kuca-02-pov-2\/\" \/><\/div>\n\t\t<\/figure>\n\t<\/div>\n<\/div><\/div><\/div><\/div><div class=\"vc_row wpb_row vc_row-fluid vc_custom_1685686874081 vc_row-has-fill\"><div class=\"wpb_column vc_column_container vc_col-sm-6\"><div class=\"vc_column-inner\"><div class=\"wpb_wrapper\">\n\t<div class=\"wpb_text_column wpb_content_element\" >\n\t\t<div class=\"wpb_wrapper\">\n\t\t\t<p style=\"text-align: right;\"><strong>NET AREA<\/strong><\/p>\n<p style=\"text-align: center;\"><strong>1. HALLWAY<\/strong> &#8211; 12.75m2<\/p>\n<p style=\"text-align: center;\"><strong>2. LIVING AND DINING ROOM<\/strong> &#8211; 19.50m2<\/p>\n<p style=\"text-align: center;\"><strong>3. KITCHEN<\/strong> &#8211; 5.46m2<\/p>\n<p style=\"text-align: center;\"><strong>4. STORAGE<\/strong> &#8211; 4.50m2<\/p>\n<p style=\"text-align: center;\"><strong>5. BATHROOM<\/strong> &#8211; 6.60m2<\/p>\n<p>&nbsp;<\/p>\n<p>&nbsp;<\/p>\n\n\t\t<\/div>\n\t<\/div>\n<\/div><\/div><\/div><div class=\"wpb_column vc_column_container vc_col-sm-6\"><div class=\"vc_column-inner\"><div class=\"wpb_wrapper\">\n\t<div class=\"wpb_text_column wpb_content_element\" >\n\t\t<div class=\"wpb_wrapper\">\n\t\t\t<p style=\"text-align: center;\"><strong>6. BEDROOM 1<\/strong> &#8211; 14.74m2<\/p>\n<p style=\"text-align: center;\"><strong>7. BEDROOM 2<\/strong> &#8211; 11.47m2<\/p>\n<p style=\"text-align: center;\"><strong>8. BEDROOM 3<\/strong> &#8211; 11.50m2<\/p>\n<p style=\"text-align: center;\"><strong>9. COVERED PORCH<\/strong> &#8211; 12.63m2<\/p>\n<p>&nbsp;<\/p>\n<p style=\"text-align: center;\"><strong>TOTAL<\/strong> &#8211; <strong>99.15m2<\/strong><\/p>\n<p>&nbsp;<\/p>\n<p>&nbsp;<\/p>\n\n\t\t<\/div>\n\t<\/div>\n<\/div><\/div><\/div><\/div><div class=\"vc_row wpb_row vc_row-fluid\"><div class=\"wpb_column vc_column_container vc_col-sm-12\"><div class=\"vc_column-inner\"><div class=\"wpb_wrapper\"><div id=\"ultimate-video-823669f4803d0b848\" class=\"ult-video  ult-adjust-bottom-margin ultimate-video-823669f4803d0b848 ultv-6949\"><div class=\"ultv-video ultv-aspect-ratio-16_9 ultv-subscribe-responsive-none\" data-videotype=\"uv_iframe\">\n\t\t\t\t\t\t<div class=\"ultv-video__outer-wrap\" data-autoplay=\"0\" data-device=\"false\"  data-iconbg=\"#3A3A3A\" data-overcolor=\"\" data-defaultbg=\"#1f1f1e\" data-defaultplay=\"defaulticon\"><div class=\"ultv-video__play\" data-src=\"https:\/\/www.youtube.com\/embed\/Ed8LxKMhSMY?rel=0&amp;start&amp;end&amp;controls=1&amp;mute=0&amp;modestbranding=0&amp;autoplay=1\">\n\t\t\t\t\t\t\t\t<img decoding=\"async\" class=\"ultv-video__thumb\" src=\"https:\/\/i.ytimg.com\/vi\/Ed8LxKMhSMY\/maxresdefault.jpg\"\/>\n\t\t\t\t\t\t\t\t<div class=\"ultv-video__play-icon  ultv-animation-none\" style=\"width:75px\"><svg height=\"100%\" version=\"1.1\" viewbox=\"0 0 68 48\" width=\"100%\"><path class=\"ultv-youtube-icon-bg\" d=\"m .66,37.62 c 0,0 .66,4.70 2.70,6.77 2.58,2.71 5.98,2.63 7.49,2.91 5.43,.52 23.10,.68 23.12,.68 .00,-1.3e-5 14.29,-0.02 23.81,-0.71 1.32,-0.15 4.22,-0.17 6.81,-2.89 2.03,-2.07 2.70,-6.77 2.70,-6.77 0,0 .67,-5.52 .67,-11.04 l 0,-5.17 c 0,-5.52 -0.67,-11.04 -0.67,-11.04 0,0 -0.66,-4.70 -2.70,-6.77 C 62.03,.86 59.13,.84 57.80,.69 48.28,0 34.00,0 34.00,0 33.97,0 19.69,0 10.18,.69 8.85,.84 5.95,.86 3.36,3.58 1.32,5.65 .66,10.35 .66,10.35 c 0,0 -0.55,4.50 -0.66,9.45 l 0,8.36 c .10,4.94 .66,9.45 .66,9.45 z\" fill=\"#1f1f1e\" ><\/path><path d=\"m 26.96,13.67 18.37,9.62 -18.37,9.55 -0.00,-19.17 z\" fill=\"#fff\"><\/path><path d=\"M 45.02,23.46 45.32,23.28 26.96,13.67 43.32,22.34 45.02,23.46 z\" fill=\"#ccc\"><\/path><\/svg><\/div> <\/div> <\/div><\/div><\/div><\/div><\/div><\/div><\/div>\n<\/div>","protected":false},"excerpt":{"rendered":"<p>Monta\u017eni stambeni objekti Monta\u017eni elementi objekta su predgotovljeni armirano betonski, koji se proizvode u proizvodnom pogonu, transportiraju i montiraju na gradili\u0161tu. Nosiva konstrukcija sastoji se od: vertikalnih elemenata: monta\u017enih AB stupova i AB zidova (vanjskih i unutarnjih) horizontalnih elemenata: temeljnih traka i stopa, greda, i plo\u010da (TT plo\u010de, \u0161uplje plo\u010de, omnia plo\u010de) Monta\u017ene plo\u010de se&hellip;<\/p>","protected":false},"author":2,"featured_media":0,"parent":0,"menu_order":0,"comment_status":"closed","ping_status":"closed","template":"","meta":{"footnotes":""},"class_list":["post-1740","page","type-page","status-publish","hentry","description-off"],"_links":{"self":[{"href":"https:\/\/migrupa.com\/en\/wp-json\/wp\/v2\/pages\/1740","targetHints":{"allow":["GET"]}}],"collection":[{"href":"https:\/\/migrupa.com\/en\/wp-json\/wp\/v2\/pages"}],"about":[{"href":"https:\/\/migrupa.com\/en\/wp-json\/wp\/v2\/types\/page"}],"author":[{"embeddable":true,"href":"https:\/\/migrupa.com\/en\/wp-json\/wp\/v2\/users\/2"}],"replies":[{"embeddable":true,"href":"https:\/\/migrupa.com\/en\/wp-json\/wp\/v2\/comments?post=1740"}],"version-history":[{"count":22,"href":"https:\/\/migrupa.com\/en\/wp-json\/wp\/v2\/pages\/1740\/revisions"}],"predecessor-version":[{"id":1945,"href":"https:\/\/migrupa.com\/en\/wp-json\/wp\/v2\/pages\/1740\/revisions\/1945"}],"wp:attachment":[{"href":"https:\/\/migrupa.com\/en\/wp-json\/wp\/v2\/media?parent=1740"}],"curies":[{"name":"wp","href":"https:\/\/api.w.org\/{rel}","templated":true}]}}