{"id":1546,"date":"2022-10-22T11:09:11","date_gmt":"2022-10-22T09:09:11","guid":{"rendered":"https:\/\/migrupa.com\/?page_id=1546"},"modified":"2024-02-21T17:35:00","modified_gmt":"2024-02-21T15:35:00","slug":"tipske-hale","status":"publish","type":"page","link":"https:\/\/migrupa.com\/en\/tipske-hale\/","title":{"rendered":"Prefabricated industrial facilities"},"content":{"rendered":"<div class=\"wpb-content-wrapper\"><div class=\"vc_row wpb_row vc_row-fluid vc_custom_1474268037787\"><div class=\"wpb_column vc_column_container vc_col-sm-12 vc_col-lg-12 vc_col-md-12 vc_col-xs-12\"><div class=\"vc_column-inner\"><div class=\"wpb_wrapper\"><div id=\"ultimate-heading-353869e9f0b824889\" class=\"uvc-heading ult-adjust-bottom-margin ultimate-heading-353869e9f0b824889 uvc-7840 accent-border-color\" data-hspacer=\"line_only\"  data-halign=\"left\" style=\"text-align:left\"><div class=\"uvc-main-heading ult-responsive\"  data-ultimate-target='.uvc-heading.ultimate-heading-353869e9f0b824889 h2'  data-responsive-json-new='{\"font-size\":\"desktop:26px;\",\"line-height\":\"desktop:36px;\"}' ><h2 style=\"font-weight:bold;\">Prefabricated industrial facilities<\/h2><\/div><div class=\"uvc-heading-spacer line_only\" style=\"margin-top:15px;margin-bottom:30px;height:4px;\"><span class=\"uvc-headings-line\" style=\"border-style:solid;border-bottom-width:4px;border-color:;width:50px;\"><\/span><\/div><\/div>\n\t<div class=\"wpb_text_column wpb_content_element  vc_custom_1684312742405\" >\n\t\t<div class=\"wpb_wrapper\">\n\t\t\t<p>We build comercial and storage halls using a prefabricated construction system, i.e. from classic or prestressed concrete elements. This construction method is suitable for overcoming larger spans and construction heights.<\/p>\n<p>Advantage of prefabricated industrial buildings is that the maintenance costs are lower, earlier completion, better quality control, better final product, independence of weather conditions, ability to build cheaper and more esteticly pleasing.<\/p>\n<p>The construction of the prefabricated industrial buildings consists of constructive load-bearing elements and facade elements. Reinforced concrete columns and beams are the basis of load-bearing structure.<\/p>\n\n\t\t<\/div>\n\t<\/div>\n<\/div><\/div><\/div><\/div><div class=\"vc_row wpb_row vc_row-fluid\"><div class=\"wpb_column vc_column_container vc_col-sm-12\"><div class=\"vc_column-inner\"><div class=\"wpb_wrapper\">\n<div class=\"vc_grid-container-wrapper vc_clearfix vc_grid-animation-fadeIn\">\n\t<div class=\"vc_grid-container vc_clearfix wpb_content_element vc_media_grid\" data-initial-loading-animation=\"fadeIn\" data-vc-grid-settings=\"{&quot;page_id&quot;:1546,&quot;style&quot;:&quot;all&quot;,&quot;action&quot;:&quot;vc_get_vc_grid_data&quot;,&quot;shortcode_id&quot;:&quot;1708529661552-4bbd6d3f16b23a39299a2a132c8ce942-3&quot;,&quot;tag&quot;:&quot;vc_media_grid&quot;}\" data-vc-request=\"https:\/\/migrupa.com\/wp-admin\/admin-ajax.php\" data-vc-post-id=\"1546\" data-vc-public-nonce=\"36e4ebaa46\">\n\t\t\n\t<\/div>\n<\/div><\/div><\/div><\/div><\/div>\n<\/div>","protected":false},"excerpt":{"rendered":"<p>Monta\u017eni industrijski objekti Poslovne, skladi\u0161ne hale gradimo monta\u017enim sustavom gradnje tj. od klasi\u010dnih ili prednapetih betonskih elemenata. Ovaj na\u010din gradnje pogodan je za svladavanje ve\u0107ih raspona i visina konstrukcije. Prednost monta\u017enih hala: kra\u0107e vrijeme izvo\u0111enja, smanjeni tro\u0161kovi gradili\u0161ta, ranija gotovost objekta, kvalitetnija kontrola proizvodnje, kvalitetniji finalni proizvod, neovisnost proizvodnje o vremenskim uvjetima, mogu\u0107nost ekonomi\u010dnog gra\u0111enja&hellip;<\/p>","protected":false},"author":1,"featured_media":0,"parent":0,"menu_order":0,"comment_status":"closed","ping_status":"closed","template":"","meta":{"footnotes":""},"class_list":["post-1546","page","type-page","status-publish","hentry","description-off"],"_links":{"self":[{"href":"https:\/\/migrupa.com\/en\/wp-json\/wp\/v2\/pages\/1546","targetHints":{"allow":["GET"]}}],"collection":[{"href":"https:\/\/migrupa.com\/en\/wp-json\/wp\/v2\/pages"}],"about":[{"href":"https:\/\/migrupa.com\/en\/wp-json\/wp\/v2\/types\/page"}],"author":[{"embeddable":true,"href":"https:\/\/migrupa.com\/en\/wp-json\/wp\/v2\/users\/1"}],"replies":[{"embeddable":true,"href":"https:\/\/migrupa.com\/en\/wp-json\/wp\/v2\/comments?post=1546"}],"version-history":[{"count":9,"href":"https:\/\/migrupa.com\/en\/wp-json\/wp\/v2\/pages\/1546\/revisions"}],"predecessor-version":[{"id":1933,"href":"https:\/\/migrupa.com\/en\/wp-json\/wp\/v2\/pages\/1546\/revisions\/1933"}],"wp:attachment":[{"href":"https:\/\/migrupa.com\/en\/wp-json\/wp\/v2\/media?parent=1546"}],"curies":[{"name":"wp","href":"https:\/\/api.w.org\/{rel}","templated":true}]}}