{"id":1775,"date":"2023-05-17T09:40:32","date_gmt":"2023-05-17T07:40:32","guid":{"rendered":"https:\/\/migrupa.com\/?page_id=1775"},"modified":"2023-06-27T09:40:21","modified_gmt":"2023-06-27T07:40:21","slug":"bungalov","status":"publish","type":"page","link":"http:\/\/migrupa.com\/en\/bungalov\/","title":{"rendered":"Bungalow"},"content":{"rendered":"<div class=\"wpb-content-wrapper\"><div class=\"vc_row wpb_row vc_row-fluid vc_custom_1474268037787\"><div class=\"wpb_column vc_column_container vc_col-sm-8 vc_col-lg-12 vc_col-md-12 vc_col-xs-12\"><div class=\"vc_column-inner\"><div class=\"wpb_wrapper\"><div id=\"ultimate-heading-380469f2779e5f45a\" class=\"uvc-heading ult-adjust-bottom-margin ultimate-heading-380469f2779e5f45a uvc-9296 accent-border-color\" data-hspacer=\"line_only\"  data-halign=\"left\" style=\"text-align:left\"><div class=\"uvc-main-heading ult-responsive\"  data-ultimate-target='.uvc-heading.ultimate-heading-380469f2779e5f45a h2'  data-responsive-json-new='{\"font-size\":\"desktop:26px;\",\"line-height\":\"desktop:36px;\"}' ><h2 style=\"font-weight:bold;\">Bungalow<\/h2><\/div><div class=\"uvc-heading-spacer line_only\" style=\"margin-top:15px;margin-bottom:30px;height:4px;\"><span class=\"uvc-headings-line\" style=\"border-style:solid;border-bottom-width:4px;border-color:;width:50px;\"><\/span><\/div><\/div><\/div><\/div><\/div><\/div><div class=\"vc_row wpb_row vc_row-fluid vc_custom_1684309558720 vc_row-has-fill\"><div class=\"wpb_column vc_column_container vc_col-sm-12\"><div class=\"vc_column-inner\"><div class=\"wpb_wrapper\">\n\t<div  class=\"wpb_single_image wpb_content_element vc_align_center  vc_custom_1684306233985\">\n\t\t\n\t\t<figure class=\"wpb_wrapper vc_figure\">\n\t\t\t<div class=\"vc_single_image-wrapper   vc_box_border_grey\"><img loading=\"lazy\" decoding=\"async\" width=\"1800\" height=\"900\" src=\"https:\/\/migrupa.com\/wp-content\/uploads\/2023\/05\/bungalov-01.jpg\" class=\"vc_single_image-img attachment-full\" alt=\"\" title=\"\" srcset=\"https:\/\/migrupa.com\/wp-content\/uploads\/2023\/05\/bungalov-01.jpg 1800w, https:\/\/migrupa.com\/wp-content\/uploads\/2023\/05\/bungalov-01-300x150.jpg 300w, https:\/\/migrupa.com\/wp-content\/uploads\/2023\/05\/bungalov-01-1024x512.jpg 1024w, https:\/\/migrupa.com\/wp-content\/uploads\/2023\/05\/bungalov-01-768x384.jpg 768w, https:\/\/migrupa.com\/wp-content\/uploads\/2023\/05\/bungalov-01-1536x768.jpg 1536w, https:\/\/migrupa.com\/wp-content\/uploads\/2023\/05\/bungalov-01-18x9.jpg 18w\" sizes=\"auto, (max-width: 1800px) 100vw, 1800px\"  data-dt-location=\"http:\/\/migrupa.com\/en\/bungalov\/bungalov-01\/\" \/><\/div>\n\t\t<\/figure>\n\t<\/div>\n<\/div><\/div><\/div><\/div><div class=\"vc_row wpb_row vc_row-fluid\"><div class=\"wpb_column vc_column_container vc_col-sm-4\"><div class=\"vc_column-inner\"><div class=\"wpb_wrapper\">\n\t<div  class=\"wpb_single_image wpb_content_element vc_align_center\">\n\t\t\n\t\t<figure class=\"wpb_wrapper vc_figure\">\n\t\t\t<div class=\"vc_single_image-wrapper   vc_box_border_grey\"><img loading=\"lazy\" decoding=\"async\" width=\"150\" height=\"150\" src=\"https:\/\/migrupa.com\/wp-content\/uploads\/2023\/05\/muk-150x150.jpg\" class=\"vc_single_image-img attachment-thumbnail\" alt=\"\" title=\"\"  data-dt-location=\"http:\/\/migrupa.com\/en\/bungalov\/muk\/\" \/><\/div>\n\t\t<\/figure>\n\t<\/div>\n<\/div><\/div><\/div><div class=\"wpb_column vc_column_container vc_col-sm-8\"><div class=\"vc_column-inner\"><div class=\"wpb_wrapper\">\n\t<div class=\"wpb_text_column wpb_content_element  vc_custom_1684314215744\" >\n\t\t<div class=\"wpb_wrapper\">\n\t\t\t<p>&nbsp;<\/p>\n<p>Muk bungalow is a residential unit.\nThe purpose of the bungalow can\nbe for individual housing, or for\ncommercial purposes. The\nbungalow is manufactured in our\nown production factory plant to\nthe complete completion, and it is\ndelivered as a finished product and\neasily installed on a previously\nprepared site.<\/p>\n\n\t\t<\/div>\n\t<\/div>\n<\/div><\/div><\/div><\/div><div class=\"vc_row wpb_row vc_row-fluid\"><div class=\"wpb_column vc_column_container vc_col-sm-12\"><div class=\"vc_column-inner\"><div class=\"wpb_wrapper\">\n\t<div  class=\"wpb_single_image wpb_content_element vc_align_center  vc_custom_1684307200401\">\n\t\t\n\t\t<figure class=\"wpb_wrapper vc_figure\">\n\t\t\t<div class=\"vc_single_image-wrapper   vc_box_border_grey\"><img loading=\"lazy\" decoding=\"async\" width=\"1800\" height=\"900\" src=\"https:\/\/migrupa.com\/wp-content\/uploads\/2023\/05\/bungalov-02.jpg\" class=\"vc_single_image-img attachment-full\" alt=\"\" title=\"\" srcset=\"https:\/\/migrupa.com\/wp-content\/uploads\/2023\/05\/bungalov-02.jpg 1800w, https:\/\/migrupa.com\/wp-content\/uploads\/2023\/05\/bungalov-02-300x150.jpg 300w, https:\/\/migrupa.com\/wp-content\/uploads\/2023\/05\/bungalov-02-1024x512.jpg 1024w, https:\/\/migrupa.com\/wp-content\/uploads\/2023\/05\/bungalov-02-768x384.jpg 768w, https:\/\/migrupa.com\/wp-content\/uploads\/2023\/05\/bungalov-02-1536x768.jpg 1536w, https:\/\/migrupa.com\/wp-content\/uploads\/2023\/05\/bungalov-02-18x9.jpg 18w\" sizes=\"auto, (max-width: 1800px) 100vw, 1800px\"  data-dt-location=\"http:\/\/migrupa.com\/en\/bungalov\/bungalov-02\/\" \/><\/div>\n\t\t<\/figure>\n\t<\/div>\n\n\t<div class=\"wpb_text_column wpb_content_element\" >\n\t\t<div class=\"wpb_wrapper\">\n\t\t\t<p>The area of the interior living space is 28,45 m2,\nand the outdoor terrace is 14,00 m2.<br \/>\nThe interior living space on the ground level\nconsists of a living room of 18,80 m2 equipped\nwith a wardrobe and storage room, a dining\nroom, a sitting area and a kitchen. The\nbathroom of 3,15 m2 is located on the ground\nfloor. The half-floor (gallery) is accessed by the\nstairs next to the kitchen, and there is a\nsleeping area of 6,50 m2.<\/p>\n\n\t\t<\/div>\n\t<\/div>\n\n\t<div  class=\"wpb_single_image wpb_content_element vc_align_center\">\n\t\t\n\t\t<figure class=\"wpb_wrapper vc_figure\">\n\t\t\t<div class=\"vc_single_image-wrapper   vc_box_border_grey\"><img loading=\"lazy\" decoding=\"async\" width=\"1800\" height=\"390\" src=\"https:\/\/migrupa.com\/wp-content\/uploads\/2023\/06\/bungalov-03.jpg\" class=\"vc_single_image-img attachment-full\" alt=\"\" title=\"\" srcset=\"https:\/\/migrupa.com\/wp-content\/uploads\/2023\/06\/bungalov-03.jpg 1800w, https:\/\/migrupa.com\/wp-content\/uploads\/2023\/06\/bungalov-03-300x65.jpg 300w, https:\/\/migrupa.com\/wp-content\/uploads\/2023\/06\/bungalov-03-1024x222.jpg 1024w, https:\/\/migrupa.com\/wp-content\/uploads\/2023\/06\/bungalov-03-768x166.jpg 768w, https:\/\/migrupa.com\/wp-content\/uploads\/2023\/06\/bungalov-03-1536x333.jpg 1536w, https:\/\/migrupa.com\/wp-content\/uploads\/2023\/06\/bungalov-03-18x4.jpg 18w\" sizes=\"auto, (max-width: 1800px) 100vw, 1800px\"  data-dt-location=\"http:\/\/migrupa.com\/en\/bungalov\/bungalov-03-3\/\" \/><\/div>\n\t\t<\/figure>\n\t<\/div>\n\n\t<div class=\"wpb_text_column wpb_content_element\" >\n\t\t<div class=\"wpb_wrapper\">\n\t\t\t<p style=\"text-align: center;\"><strong>GROUND FLOOR                  -              GALLERY<\/strong><\/p>\n\n\t\t<\/div>\n\t<\/div>\n<\/div><\/div><\/div><\/div><!-- Row Backgrounds --><div class=\"upb_color\" data-bg-override=\"ex-full\" data-bg-color=\"#e2e2e2\" data-fadeout=\"\" data-fadeout-percentage=\"30\" data-parallax-content=\"\" data-parallax-content-sense=\"30\" data-row-effect-mobile-disable=\"true\" data-img-parallax-mobile-disable=\"true\" data-rtl=\"false\"  data-custom-vc-row=\"\"  data-vc=\"7.4\"  data-is_old_vc=\"\"  data-theme-support=\"\"   data-overlay=\"false\" data-overlay-color=\"\" data-overlay-pattern=\"\" data-overlay-pattern-opacity=\"\" data-overlay-pattern-size=\"\"    ><\/div><div class=\"vc_row wpb_row vc_row-fluid\"><div class=\"wpb_column vc_column_container vc_col-sm-8\"><div class=\"vc_column-inner\"><div class=\"wpb_wrapper\">\n\t<div class=\"wpb_text_column wpb_content_element\" >\n\t\t<div class=\"wpb_wrapper\">\n\t\t\t<p style=\"text-align: center;\">The delivery is made by special road transport, and it is placed on the field using a truck crane.<\/p>\n\n\t\t<\/div>\n\t<\/div>\n\n\t<div  class=\"wpb_single_image wpb_content_element vc_align_center\">\n\t\t\n\t\t<figure class=\"wpb_wrapper vc_figure\">\n\t\t\t<div class=\"vc_single_image-wrapper   vc_box_border_grey\"><img loading=\"lazy\" decoding=\"async\" width=\"1024\" height=\"429\" src=\"https:\/\/migrupa.com\/wp-content\/uploads\/2023\/05\/bungalov-05-1024x429.jpg\" class=\"vc_single_image-img attachment-large\" alt=\"\" title=\"\" srcset=\"https:\/\/migrupa.com\/wp-content\/uploads\/2023\/05\/bungalov-05-1024x429.jpg 1024w, https:\/\/migrupa.com\/wp-content\/uploads\/2023\/05\/bungalov-05-300x126.jpg 300w, https:\/\/migrupa.com\/wp-content\/uploads\/2023\/05\/bungalov-05-768x322.jpg 768w, https:\/\/migrupa.com\/wp-content\/uploads\/2023\/05\/bungalov-05-18x8.jpg 18w, https:\/\/migrupa.com\/wp-content\/uploads\/2023\/05\/bungalov-05.jpg 1480w\" sizes=\"auto, (max-width: 1024px) 100vw, 1024px\"  data-dt-location=\"http:\/\/migrupa.com\/en\/bungalov\/bungalov-05\/\" \/><\/div>\n\t\t<\/figure>\n\t<\/div>\n<\/div><\/div><\/div><div class=\"wpb_column vc_column_container vc_col-sm-4\"><div class=\"vc_column-inner\"><div class=\"wpb_wrapper\">\n\t<div  class=\"wpb_single_image wpb_content_element vc_align_center\">\n\t\t\n\t\t<figure class=\"wpb_wrapper vc_figure\">\n\t\t\t<div class=\"vc_single_image-wrapper   vc_box_border_grey\"><img loading=\"lazy\" decoding=\"async\" width=\"300\" height=\"300\" src=\"https:\/\/migrupa.com\/wp-content\/uploads\/2023\/05\/bungalov-04-300x300.jpg\" class=\"vc_single_image-img attachment-medium\" alt=\"\" title=\"\" srcset=\"https:\/\/migrupa.com\/wp-content\/uploads\/2023\/05\/bungalov-04-300x300.jpg 300w, https:\/\/migrupa.com\/wp-content\/uploads\/2023\/05\/bungalov-04-150x150.jpg 150w, https:\/\/migrupa.com\/wp-content\/uploads\/2023\/05\/bungalov-04-12x12.jpg 12w, https:\/\/migrupa.com\/wp-content\/uploads\/2023\/05\/bungalov-04.jpg 620w\" sizes=\"auto, (max-width: 300px) 100vw, 300px\"  data-dt-location=\"http:\/\/migrupa.com\/en\/bungalov\/bungalov-04\/\" \/><\/div>\n\t\t<\/figure>\n\t<\/div>\n<\/div><\/div><\/div><\/div><div class=\"vc_row wpb_row vc_row-fluid\"><div class=\"wpb_column vc_column_container vc_col-sm-12\"><div class=\"vc_column-inner\"><div class=\"wpb_wrapper\">\n\t<div class=\"wpb_text_column wpb_content_element\" >\n\t\t<div class=\"wpb_wrapper\">\n\t\t\t<p style=\"text-align: left;\"><strong>Depending on the existing infrastructure, it can be on-grid or off-grid.<\/strong><\/p>\n\n\t\t<\/div>\n\t<\/div>\n\n\t<div  class=\"wpb_single_image wpb_content_element vc_align_center  vc_custom_1687847913831\">\n\t\t\n\t\t<figure class=\"wpb_wrapper vc_figure\">\n\t\t\t<div class=\"vc_single_image-wrapper   vc_box_border_grey\"><img loading=\"lazy\" decoding=\"async\" width=\"1800\" height=\"1179\" src=\"https:\/\/migrupa.com\/wp-content\/uploads\/2023\/06\/bungalov-06.jpg\" class=\"vc_single_image-img attachment-full\" alt=\"\" title=\"\" srcset=\"https:\/\/migrupa.com\/wp-content\/uploads\/2023\/06\/bungalov-06.jpg 1800w, https:\/\/migrupa.com\/wp-content\/uploads\/2023\/06\/bungalov-06-300x197.jpg 300w, https:\/\/migrupa.com\/wp-content\/uploads\/2023\/06\/bungalov-06-1024x671.jpg 1024w, https:\/\/migrupa.com\/wp-content\/uploads\/2023\/06\/bungalov-06-768x503.jpg 768w, https:\/\/migrupa.com\/wp-content\/uploads\/2023\/06\/bungalov-06-1536x1006.jpg 1536w, https:\/\/migrupa.com\/wp-content\/uploads\/2023\/06\/bungalov-06-18x12.jpg 18w\" sizes=\"auto, (max-width: 1800px) 100vw, 1800px\"  data-dt-location=\"http:\/\/migrupa.com\/en\/bungalov\/bungalov-06-2\/\" \/><\/div>\n\t\t<\/figure>\n\t<\/div>\n<\/div><\/div><\/div><\/div><div class=\"vc_row wpb_row vc_row-fluid\"><div class=\"wpb_column vc_column_container vc_col-sm-6\"><div class=\"vc_column-inner\"><div class=\"wpb_wrapper\"><div class=\"standard-arrow list-divider bullet-top\"><ul>\n<li><strong>1.\u00a0 <\/strong><strong>OFF GRID <\/strong>space for solar panels<\/li>\n<li><strong>2.\u00a0 OFF GRID<\/strong> thermosiphon solar system<\/li>\n<li><strong>3.\u00a0 OFF GRID<\/strong> space for solar batteries<\/li>\n<li><strong>4.<\/strong>\u00a0 SPACE FOR ELECTRICAL CABINET<\/li>\n<li><strong>5.<\/strong>\u00a0 <strong>OFF GRID <\/strong>space for automation for solar panels<\/li>\n<li><strong>6.<\/strong>\u00a0 SHAFT, CONNECTION FOR 4.6 KW ELECTRICITY<\/li>\n<\/ul>\n<p>\u2022 <strong>OFF GRID<\/strong> solar panels on the roof or somewhere in the environment<\/p>\n<p>\u2022 <strong>OFF GRID <\/strong>aggregate<\/p>\n<\/div><\/div><\/div><\/div><div class=\"wpb_column vc_column_container vc_col-sm-6\"><div class=\"vc_column-inner\"><div class=\"wpb_wrapper\"><div class=\"standard-arrow list-divider bullet-top\"><ul>\n<li><strong>7.\u00a0 OFF GRID<\/strong> water tank<\/li>\n<li><strong>8.\u00a0<\/strong> AIR CONDITIONING SYSTEM<\/li>\n<li><strong>9.\u00a0<\/strong> PELLET FIREPLACE<\/li>\n<li><strong>10.\u00a0<\/strong> BOILER 50L<\/li>\n<li><strong>11<\/strong>SHAFT - CONNECTION TO THE WATER\nSUPPLY NETWORK \u00d8 3\/4\u201d<\/li>\n<\/ul>\n<p><strong>OFF GRID<\/strong> water pump in the shaft<\/p>\n<ul>\n<li><strong>12.<\/strong>\u00a0 CONNECTION TO THE SEWAGE PIPE - PVC \u00d8 100<\/li>\n<li><strong>13.<\/strong>\u00a0 <strong>OFF GRID<\/strong> fecal pit<\/li>\n<\/ul>\n<\/div><\/div><\/div><\/div><\/div><div class=\"vc_row wpb_row vc_row-fluid\"><div class=\"wpb_column vc_column_container vc_col-sm-12\"><div class=\"vc_column-inner\"><div class=\"wpb_wrapper\">\n\t<div class=\"wpb_text_column wpb_content_element\" >\n\t\t<div class=\"wpb_wrapper\">\n\t\t\t<p style=\"text-align: left;\"><strong>It is made of composite prefabricated elements.\nThe load-bearing structure of the building is a\ncoupled structure made of steel profiles S235 JR\nand reinforced concrete C25\/30. Thermal\ninsulation PIR hard foam (poliizacijanurate) 100\nmm high compressive strength, dimensionally\nstable, insensitive to moisture and resistant.<\/strong><\/p>\n\n\t\t<\/div>\n\t<\/div>\n\n\t<div  class=\"wpb_single_image wpb_content_element vc_align_center\">\n\t\t\n\t\t<figure class=\"wpb_wrapper vc_figure\">\n\t\t\t<div class=\"vc_single_image-wrapper   vc_box_border_grey\"><img loading=\"lazy\" decoding=\"async\" width=\"1800\" height=\"1077\" src=\"https:\/\/migrupa.com\/wp-content\/uploads\/2023\/06\/bungalov-07.jpg\" class=\"vc_single_image-img attachment-full\" alt=\"\" title=\"\" srcset=\"https:\/\/migrupa.com\/wp-content\/uploads\/2023\/06\/bungalov-07.jpg 1800w, https:\/\/migrupa.com\/wp-content\/uploads\/2023\/06\/bungalov-07-300x180.jpg 300w, https:\/\/migrupa.com\/wp-content\/uploads\/2023\/06\/bungalov-07-1024x613.jpg 1024w, https:\/\/migrupa.com\/wp-content\/uploads\/2023\/06\/bungalov-07-768x460.jpg 768w, https:\/\/migrupa.com\/wp-content\/uploads\/2023\/06\/bungalov-07-1536x919.jpg 1536w, https:\/\/migrupa.com\/wp-content\/uploads\/2023\/06\/bungalov-07-18x12.jpg 18w\" sizes=\"auto, (max-width: 1800px) 100vw, 1800px\"  data-dt-location=\"http:\/\/migrupa.com\/en\/bungalov\/bungalov-07-2\/\" \/><\/div>\n\t\t<\/figure>\n\t<\/div>\n<div class=\"standard-arrow list-divider bullet-top\"><ul>\n<li><strong>1.  sloping roof 16 cm U= 0,23 W\/m2 K <\/strong>\u2022 waterproofing \u2022 polished concrete \u2022 thermal insulation PIR \u2022 plywood<\/li>\n<li><strong>2.\u00a0 External wall 17 cm U= 0,23 W\/m2 K <\/strong>\u2022 polished concrete \u2022 thermal insulation PIR \u2022 plywood<\/li>\n<li><strong>3.\u00a0 Floor 19 cm U= 0,24 W\/m2 K <\/strong>\u2022 laminate \u2022 polished concrete \u2022 thermal insulation PIR \u2022 smoothed concrete<\/li>\n<li><strong>4.<\/strong>\u00a0 protection from view and light is solved by internal\n&quot;black-out&quot; curtains and, by the factor of the\nbuilding&#039;s shape and external movable awning,\nprotection from overheating<\/li>\n<li><strong>5.\u00a0 <\/strong>The external carpentry is made of aluminum\nprofiles with improved thermal properties.\nGlazing made of IZO-glass with a single pane\nof low emission (Low E)<\/li>\n<\/ul>\n<p>Glass facade Uw= 1,04 W\/m2 K<\/p>\n<p>Entry door Uw= 1,20 W\/m2 K<\/p>\n<p>&nbsp;<\/p>\n<\/div><\/div><\/div><\/div><\/div><div class=\"vc_row wpb_row vc_row-fluid\"><div class=\"wpb_column vc_column_container vc_col-sm-12\"><div class=\"vc_column-inner\"><div class=\"wpb_wrapper\">\n<div class=\"vc_grid-container-wrapper vc_clearfix vc_grid-animation-fadeIn\">\n\t<div class=\"vc_grid-container vc_clearfix wpb_content_element vc_media_grid\" data-initial-loading-animation=\"fadeIn\" data-vc-grid-settings=\"{&quot;page_id&quot;:1775,&quot;style&quot;:&quot;all&quot;,&quot;action&quot;:&quot;vc_get_vc_grid_data&quot;,&quot;shortcode_id&quot;:&quot;1687847841434-4aec5baf272efa36dd97def78a040a42-4&quot;,&quot;tag&quot;:&quot;vc_media_grid&quot;}\" data-vc-request=\"https:\/\/migrupa.com\/wp-admin\/admin-ajax.php\" data-vc-post-id=\"1775\" data-vc-public-nonce=\"db988d258f\">\n\t\t\n\t<\/div>\n<\/div><\/div><\/div><\/div><\/div>\n<\/div>","protected":false},"excerpt":{"rendered":"<p>Bungalov &nbsp; Muk bungalov je stambena jedinica. Namjena bungalova mo\u017ee biti za individualno stanovanje, ili u komercijalne svrhe. Bungalov se proizvodi unutar vlastitog proizvodnog pogona do potpune gotovosti, te se isporu\u010duje kompletan i lako se instalira na prethodno pripremljen teren. Povr\u0161ina unutarnjeg \u017eivotnog prostora je 28,45 m2, a vanjske terase 14,00 m2. Unutarnji stambeni prostor&hellip;<\/p>","protected":false},"author":2,"featured_media":0,"parent":0,"menu_order":0,"comment_status":"closed","ping_status":"closed","template":"","meta":{"footnotes":""},"class_list":["post-1775","page","type-page","status-publish","hentry","description-off"],"_links":{"self":[{"href":"http:\/\/migrupa.com\/en\/wp-json\/wp\/v2\/pages\/1775","targetHints":{"allow":["GET"]}}],"collection":[{"href":"http:\/\/migrupa.com\/en\/wp-json\/wp\/v2\/pages"}],"about":[{"href":"http:\/\/migrupa.com\/en\/wp-json\/wp\/v2\/types\/page"}],"author":[{"embeddable":true,"href":"http:\/\/migrupa.com\/en\/wp-json\/wp\/v2\/users\/2"}],"replies":[{"embeddable":true,"href":"http:\/\/migrupa.com\/en\/wp-json\/wp\/v2\/comments?post=1775"}],"version-history":[{"count":19,"href":"http:\/\/migrupa.com\/en\/wp-json\/wp\/v2\/pages\/1775\/revisions"}],"predecessor-version":[{"id":1826,"href":"http:\/\/migrupa.com\/en\/wp-json\/wp\/v2\/pages\/1775\/revisions\/1826"}],"wp:attachment":[{"href":"http:\/\/migrupa.com\/en\/wp-json\/wp\/v2\/media?parent=1775"}],"curies":[{"name":"wp","href":"https:\/\/api.w.org\/{rel}","templated":true}]}}