{"id":1468,"date":"2022-10-22T09:35:30","date_gmt":"2022-10-22T07:35:30","guid":{"rendered":"https:\/\/migrupa.com\/?page_id=1468"},"modified":"2022-10-24T13:04:33","modified_gmt":"2022-10-24T11:04:33","slug":"inzenjering-i-konzalting","status":"publish","type":"page","link":"http:\/\/migrupa.com\/en\/inzenjering-i-konzalting\/","title":{"rendered":"Engineering and consulting"},"content":{"rendered":"<div class=\"wpb-content-wrapper\"><div class=\"vc_row wpb_row vc_row-fluid vc_custom_1474268037787\"><div class=\"wpb_column vc_column_container vc_col-sm-12 vc_col-lg-12 vc_col-md-12 vc_col-xs-12\"><div class=\"vc_column-inner\"><div class=\"wpb_wrapper\"><div id=\"ultimate-heading-695969f2f3234d8a3\" class=\"uvc-heading ult-adjust-bottom-margin ultimate-heading-695969f2f3234d8a3 uvc-1822 accent-border-color\" data-hspacer=\"line_only\"  data-halign=\"left\" style=\"text-align:left\"><div class=\"uvc-main-heading ult-responsive\"  data-ultimate-target='.uvc-heading.ultimate-heading-695969f2f3234d8a3 h2'  data-responsive-json-new='{\"font-size\":\"desktop:26px;\",\"line-height\":\"desktop:36px;\"}' ><h2 style=\"font-weight:bold;\">Engineering and consulting<\/h2><\/div><div class=\"uvc-heading-spacer line_only\" style=\"margin-top:15px;margin-bottom:30px;height:4px;\"><span class=\"uvc-headings-line\" style=\"border-style:solid;border-bottom-width:4px;border-color:;width:50px;\"><\/span><\/div><\/div><div class=\"vc_row wpb_row vc_inner vc_row-fluid\"><div class=\"wpb_column vc_column_container vc_col-sm-6\"><div class=\"vc_column-inner\"><div class=\"wpb_wrapper\">\n\t<div class=\"wpb_text_column wpb_content_element  vc_custom_1666424271988\" >\n\t\t<div class=\"wpb_wrapper\">\n\t\t\t<p>We offer consulting services for project planning and management, as well as a quick presentation of optimal solutions for your project with the help of modern computer graphics.<\/p>\n<p>The construction of complex building facilities according to the \u201cturnkey\u201d system requires professional and efficient project management through continuous control of the technical and financial parts of the project \u2013 starting from the preliminary design through realization to the hand-over of the facility to the investor.<\/p>\n<p>Project management involves planning, organization, team management, control and leadership, motivating all participants to achieve project goals safely, with efficient consumption of resources within the set deadlines and budgets, according to the technical conditions, professional requirements and to the satisfaction of the investor.<\/p>\n\n\t\t<\/div>\n\t<\/div>\n<\/div><\/div><\/div><div class=\"wpb_column vc_column_container vc_col-sm-6\"><div class=\"vc_column-inner\"><div class=\"wpb_wrapper\"><style type=\"text\/css\" data-type=\"the7_shortcodes-inline-css\">.gallery-carousel-shortcode.gallery-carousel-shortcode-id-b81bda04e28e3e78b0437beac1cc7696 .owl-nav a {\n  width: 36px;\n  height: 36px;\n  border-radius: 500px;\n}\n.dt-arrow-border-on.gallery-carousel-shortcode.gallery-carousel-shortcode-id-b81bda04e28e3e78b0437beac1cc7696 .owl-nav a:not(:hover):before {\n  border-width: 0px;\n}\n.dt-arrow-hover-border-on.gallery-carousel-shortcode.gallery-carousel-shortcode-id-b81bda04e28e3e78b0437beac1cc7696 .owl-nav a:hover:after {\n  border-width: 0px;\n}\n.gallery-carousel-shortcode.gallery-carousel-shortcode-id-b81bda04e28e3e78b0437beac1cc7696 .owl-nav a.owl-prev {\n  top: 50%;\n  transform: translateY(calc(-50% + 0px));\n  left: -43px;\n}\n@media all and (-ms-high-contrast: none) {\n  .gallery-carousel-shortcode.gallery-carousel-shortcode-id-b81bda04e28e3e78b0437beac1cc7696 .owl-nav a.owl-prev {\n    transform: translateY(-50%);\n    margin-top: 0px;\n  }\n}\n.gallery-carousel-shortcode.gallery-carousel-shortcode-id-b81bda04e28e3e78b0437beac1cc7696 .owl-nav a.owl-prev i {\n  padding: 0px 0px 0px 0px;\n}\n.gallery-carousel-shortcode.gallery-carousel-shortcode-id-b81bda04e28e3e78b0437beac1cc7696 .owl-nav a.owl-next {\n  top: 50%;\n  transform: translateY(calc(-50% + 0px));\n  right: -43px;\n}\n@media all and (-ms-high-contrast: none) {\n  .gallery-carousel-shortcode.gallery-carousel-shortcode-id-b81bda04e28e3e78b0437beac1cc7696 .owl-nav a.owl-next {\n    transform: translateY(-50%);\n    margin-top: 0px;\n  }\n}\n.gallery-carousel-shortcode.gallery-carousel-shortcode-id-b81bda04e28e3e78b0437beac1cc7696 .owl-nav a.owl-next i {\n  padding: 0px 0px 0px 0px;\n}\n.gallery-carousel-shortcode.gallery-carousel-shortcode-id-b81bda04e28e3e78b0437beac1cc7696 .owl-nav i {\n  font-size: 18px;\n}\n.gallery-carousel-shortcode.gallery-carousel-shortcode-id-b81bda04e28e3e78b0437beac1cc7696 .owl-nav a:not(:hover) i,\n.gallery-carousel-shortcode.gallery-carousel-shortcode-id-b81bda04e28e3e78b0437beac1cc7696 .owl-nav a:not(:hover) i:before {\n  color: #ffffff;\n  background: none;\n}\n.gallery-carousel-shortcode.gallery-carousel-shortcode-id-b81bda04e28e3e78b0437beac1cc7696 .owl-nav a:hover i,\n.gallery-carousel-shortcode.gallery-carousel-shortcode-id-b81bda04e28e3e78b0437beac1cc7696 .owl-nav a:hover i:before {\n  color: rgba(255,255,255,0.75);\n  background: none;\n}\n.gallery-carousel-shortcode.gallery-carousel-shortcode-id-b81bda04e28e3e78b0437beac1cc7696 .owl-dots {\n  top: calc(100% + 20px);\n  left: 50%;\n  transform: translateX(calc(-50% + 0px));\n}\n@media all and (-ms-high-contrast: none) {\n  .gallery-carousel-shortcode.gallery-carousel-shortcode-id-b81bda04e28e3e78b0437beac1cc7696 .owl-dots {\n    transform: translateX(-50%);\n    margin-left: 0px;\n  }\n}\n.gallery-carousel-shortcode.gallery-carousel-shortcode-id-b81bda04e28e3e78b0437beac1cc7696 .owl-dot {\n  width: 10px;\n  height: 10px;\n  margin: 0 8px;\n}\n@media screen and (max-width: 778px) {\n  .gallery-carousel-shortcode.gallery-carousel-shortcode-id-b81bda04e28e3e78b0437beac1cc7696.hide-arrows .owl-nav a {\n    display: none;\n  }\n}\n@media screen and (max-width: 778px) {\n  .gallery-carousel-shortcode.gallery-carousel-shortcode-id-b81bda04e28e3e78b0437beac1cc7696.reposition-arrows .owl-nav .owl-prev {\n    top: 50%;\n    transform: translateY(calc(-50% + 0px));\n    left: 10px;\n  }\n  .gallery-carousel-shortcode.gallery-carousel-shortcode-id-b81bda04e28e3e78b0437beac1cc7696.reposition-arrows .owl-nav .owl-next {\n    top: 50%;\n    transform: translateY(calc(-50% + 0px));\n    right: 10px;\n  }\n}\n@media screen and (max-width: 778px) and all and (-ms-high-contrast: none) {\n  .gallery-carousel-shortcode.gallery-carousel-shortcode-id-b81bda04e28e3e78b0437beac1cc7696.reposition-arrows .owl-nav .owl-prev {\n    transform: translateY(-50%);\n    margin-top: 0px;\n  }\n}\n@media screen and (max-width: 778px) and all and (-ms-high-contrast: none) {\n  .gallery-carousel-shortcode.gallery-carousel-shortcode-id-b81bda04e28e3e78b0437beac1cc7696.reposition-arrows .owl-nav .owl-next {\n    transform: translateY(-50%);\n    margin-top: 0px;\n  }\n}\n.gallery-carousel-shortcode.gallery-carousel-shortcode-id-b81bda04e28e3e78b0437beac1cc7696 figure,\n.gallery-carousel-shortcode.gallery-carousel-shortcode-id-b81bda04e28e3e78b0437beac1cc7696 .rollover,\n.gallery-carousel-shortcode.gallery-carousel-shortcode-id-b81bda04e28e3e78b0437beac1cc7696 img,\n.gallery-carousel-shortcode.gallery-carousel-shortcode-id-b81bda04e28e3e78b0437beac1cc7696 .gallery-rollover {\n  border-radius: 0px;\n}\n.gallery-carousel-shortcode.gallery-carousel-shortcode-id-b81bda04e28e3e78b0437beac1cc7696.enable-bg-rollover .gallery-rollover {\n  background: -webkit-linear-gradient();\n  background: linear-gradient();\n}\n.gallery-carousel-shortcode.gallery-carousel-shortcode-id-b81bda04e28e3e78b0437beac1cc7696.enable-img-shadow .owl-stage-outer {\n  padding: 14px 0;\n}\n.gallery-carousel-shortcode.gallery-carousel-shortcode-id-b81bda04e28e3e78b0437beac1cc7696.enable-bg-rollover.hover-scale figure .rollover:after {\n  background: -webkit-linear-gradient();\n  background: linear-gradient();\n}\n.gallery-carousel-shortcode.gallery-carousel-shortcode-id-b81bda04e28e3e78b0437beac1cc7696.gallery-shortcode .gallery-zoom-ico {\n  width: 44px;\n  height: 44px;\n  line-height: 44px;\n  border-radius: 100px;\n  margin: -22px 0 0 -22px;\n  border-width: 0px;\n}\n.dt-icon-bg-on.gallery-carousel-shortcode.gallery-carousel-shortcode-id-b81bda04e28e3e78b0437beac1cc7696.gallery-shortcode .gallery-zoom-ico {\n  background: rgba(255,255,255,0.3);\n  box-shadow: none;\n}\n.gallery-carousel-shortcode.gallery-carousel-shortcode-id-b81bda04e28e3e78b0437beac1cc7696.gallery-shortcode .gallery-zoom-ico:before,\n.gallery-carousel-shortcode.gallery-carousel-shortcode-id-b81bda04e28e3e78b0437beac1cc7696.gallery-shortcode .gallery-zoom-ico span {\n  font-size: 32px;\n  line-height: 44px;\n  color: #ffffff;\n  background: none;\n}\n<\/style><div class=\"owl-carousel gallery-carousel-shortcode gallery-shortcode  dt-gallery-container dt-owl-carousel-call gallery-carousel-shortcode-id-b81bda04e28e3e78b0437beac1cc7696 quick-scale-img enable-bg-rollover meta-info-off dt-arrow-border-on dt-arrow-hover-border-on bullets-small-dot-stroke reposition-arrows dt-icon-bg-off arrows-bg-on disable-arrows-hover-bg arrows-hover-bg-on  hover-fade\" data-scroll-mode=\"1\" data-col-num=\"1\" data-wide-col-num=\"1\" data-laptop-col=\"1\" data-h-tablet-columns-num=\"1\" data-v-tablet-columns-num=\"1\" data-phone-columns-num=\"1\" data-col-gap=\"10\" data-stage-padding=\"0\" data-speed=\"700\" data-autoplay=\"false\" data-autoplay_speed=\"6000\" data-arrows=\"false\" data-bullet=\"true\" data-next-icon=\"icon-ar-017-r\" data-prev-icon=\"icon-ar-017-l\" data-img-shadow-size=\"12px\" data-img-shadow-spread=\"3px\"><div data-post-id=\"1472\" data-date=\"2022-10-22T09:42:55+02:00\" data-name=\"Aroma-Kabljak\"><figure class=\"post\"><a href=\"https:\/\/migrupa.com\/wp-content\/uploads\/2022\/10\/Aroma-Kabljak.jpg\" class=\"rollover dt-pswp-item layzr-bg\" data-large_image_width=\"1100\" data-large_image_height=\"700\" data-dt-img-description=\"\" title=\"Aroma-Kabljak\"><img fetchpriority=\"high\" decoding=\"async\" class=\"preload-me owl-lazy-load aspect\" src=\"data:image\/svg+xml,%3Csvg%20xmlns%3D&#39;http%3A%2F%2Fwww.w3.org%2F2000%2Fsvg&#39;%20viewBox%3D&#39;0%200%201100%20700&#39;%2F%3E\" data-src=\"https:\/\/migrupa.com\/wp-content\/uploads\/2022\/10\/Aroma-Kabljak.jpg\" data-srcset=\"https:\/\/migrupa.com\/wp-content\/uploads\/2022\/10\/Aroma-Kabljak.jpg 1100w\" loading=\"eager\" style=\"--ratio: 1100 \/ 700\" sizes=\"(max-width: 1100px) 100vw, 1100px\" alt=\"\" width=\"1100\" height=\"700\"  \/><span class=\"gallery-rollover\"><span class=\"gallery-zoom-ico icomoon-the7-font-the7-zoom-06\"><span><\/span><\/span><\/span><\/a><\/figure><\/div><div data-post-id=\"1473\" data-date=\"2022-10-22T09:43:00+02:00\" data-name=\"HDL-Budva\"><figure class=\"post\"><a href=\"https:\/\/migrupa.com\/wp-content\/uploads\/2022\/10\/HDL-Budva.jpg\" class=\"rollover dt-pswp-item layzr-bg\" data-large_image_width=\"1100\" data-large_image_height=\"700\" data-dt-img-description=\"\" title=\"HDL-Budva\"><img decoding=\"async\" class=\"preload-me owl-lazy-load aspect\" src=\"data:image\/svg+xml,%3Csvg%20xmlns%3D&#39;http%3A%2F%2Fwww.w3.org%2F2000%2Fsvg&#39;%20viewBox%3D&#39;0%200%201100%20700&#39;%2F%3E\" data-src=\"https:\/\/migrupa.com\/wp-content\/uploads\/2022\/10\/HDL-Budva.jpg\" data-srcset=\"https:\/\/migrupa.com\/wp-content\/uploads\/2022\/10\/HDL-Budva.jpg 1100w\" loading=\"eager\" style=\"--ratio: 1100 \/ 700\" sizes=\"(max-width: 1100px) 100vw, 1100px\" alt=\"\" width=\"1100\" height=\"700\"  \/><span class=\"gallery-rollover\"><span class=\"gallery-zoom-ico icomoon-the7-font-the7-zoom-06\"><span><\/span><\/span><\/span><\/a><\/figure><\/div><div data-post-id=\"1474\" data-date=\"2022-10-22T09:43:16+02:00\" data-name=\"Elektromilas-Ljubuski\"><figure class=\"post\"><a href=\"https:\/\/migrupa.com\/wp-content\/uploads\/2022\/10\/Elektromilas-Ljubuski.jpg\" class=\"rollover dt-pswp-item layzr-bg\" data-large_image_width=\"1100\" data-large_image_height=\"700\" data-dt-img-description=\"\" title=\"Elektromilas-Ljubuski\"><img decoding=\"async\" class=\"preload-me owl-lazy-load aspect\" src=\"data:image\/svg+xml,%3Csvg%20xmlns%3D&#39;http%3A%2F%2Fwww.w3.org%2F2000%2Fsvg&#39;%20viewBox%3D&#39;0%200%201100%20700&#39;%2F%3E\" data-src=\"https:\/\/migrupa.com\/wp-content\/uploads\/2022\/10\/Elektromilas-Ljubuski.jpg\" data-srcset=\"https:\/\/migrupa.com\/wp-content\/uploads\/2022\/10\/Elektromilas-Ljubuski.jpg 1100w\" loading=\"eager\" style=\"--ratio: 1100 \/ 700\" sizes=\"(max-width: 1100px) 100vw, 1100px\" alt=\"\" width=\"1100\" height=\"700\"  \/><span class=\"gallery-rollover\"><span class=\"gallery-zoom-ico icomoon-the7-font-the7-zoom-06\"><span><\/span><\/span><\/span><\/a><\/figure><\/div><div data-post-id=\"1475\" data-date=\"2022-10-22T09:43:22+02:00\" data-name=\"Sonnen-Klar\"><figure class=\"post\"><a href=\"https:\/\/migrupa.com\/wp-content\/uploads\/2022\/10\/Sonnen-Klar.jpg\" class=\"rollover dt-pswp-item layzr-bg\" data-large_image_width=\"1100\" data-large_image_height=\"700\" data-dt-img-description=\"\" title=\"Sonnen-Klar\"><img decoding=\"async\" class=\"preload-me owl-lazy-load aspect\" src=\"data:image\/svg+xml,%3Csvg%20xmlns%3D&#39;http%3A%2F%2Fwww.w3.org%2F2000%2Fsvg&#39;%20viewBox%3D&#39;0%200%201100%20700&#39;%2F%3E\" data-src=\"https:\/\/migrupa.com\/wp-content\/uploads\/2022\/10\/Sonnen-Klar.jpg\" data-srcset=\"https:\/\/migrupa.com\/wp-content\/uploads\/2022\/10\/Sonnen-Klar.jpg 1100w\" loading=\"eager\" style=\"--ratio: 1100 \/ 700\" sizes=\"(max-width: 1100px) 100vw, 1100px\" alt=\"\" width=\"1100\" height=\"700\"  \/><span class=\"gallery-rollover\"><span class=\"gallery-zoom-ico icomoon-the7-font-the7-zoom-06\"><span><\/span><\/span><\/span><\/a><\/figure><\/div><\/div><\/div><\/div><\/div><\/div><div class=\"vc_row wpb_row vc_inner vc_row-fluid vc_custom_1666424777989\"><div class=\"wpb_column vc_column_container vc_col-sm-6\"><div class=\"vc_column-inner vc_custom_1666425201365\"><div class=\"wpb_wrapper\">\n\t<div class=\"wpb_text_column wpb_content_element  vc_custom_1666424841612\" >\n\t\t<div class=\"wpb_wrapper\">\n\t\t\t<p>The integration of all departments within our group and experienced professional staff with practical experience in the realization of large projects enables us to offer you a complete and quality service of Project management.<\/p>\n<p>Thanks to our experience, your project will be realized with good quality, within deadlines and given time and financial frame, according to your requirements and needs.<\/p>\n\n\t\t<\/div>\n\t<\/div>\n<\/div><\/div><\/div><div class=\"wpb_column vc_column_container vc_col-sm-6\"><div class=\"vc_column-inner\"><div class=\"wpb_wrapper\"><style type=\"text\/css\" data-type=\"the7_shortcodes-inline-css\">.gallery-carousel-shortcode.gallery-carousel-shortcode-id-f805f1bfdd003c973e6452769aad8d91 .owl-nav a {\n  width: 36px;\n  height: 36px;\n  border-radius: 500px;\n}\n.dt-arrow-border-on.gallery-carousel-shortcode.gallery-carousel-shortcode-id-f805f1bfdd003c973e6452769aad8d91 .owl-nav a:not(:hover):before {\n  border-width: 0px;\n}\n.dt-arrow-hover-border-on.gallery-carousel-shortcode.gallery-carousel-shortcode-id-f805f1bfdd003c973e6452769aad8d91 .owl-nav a:hover:after {\n  border-width: 0px;\n}\n.gallery-carousel-shortcode.gallery-carousel-shortcode-id-f805f1bfdd003c973e6452769aad8d91 .owl-nav a.owl-prev {\n  top: 50%;\n  transform: translateY(calc(-50% + 0px));\n  left: -43px;\n}\n@media all and (-ms-high-contrast: none) {\n  .gallery-carousel-shortcode.gallery-carousel-shortcode-id-f805f1bfdd003c973e6452769aad8d91 .owl-nav a.owl-prev {\n    transform: translateY(-50%);\n    margin-top: 0px;\n  }\n}\n.gallery-carousel-shortcode.gallery-carousel-shortcode-id-f805f1bfdd003c973e6452769aad8d91 .owl-nav a.owl-prev i {\n  padding: 0px 0px 0px 0px;\n}\n.gallery-carousel-shortcode.gallery-carousel-shortcode-id-f805f1bfdd003c973e6452769aad8d91 .owl-nav a.owl-next {\n  top: 50%;\n  transform: translateY(calc(-50% + 0px));\n  right: -43px;\n}\n@media all and (-ms-high-contrast: none) {\n  .gallery-carousel-shortcode.gallery-carousel-shortcode-id-f805f1bfdd003c973e6452769aad8d91 .owl-nav a.owl-next {\n    transform: translateY(-50%);\n    margin-top: 0px;\n  }\n}\n.gallery-carousel-shortcode.gallery-carousel-shortcode-id-f805f1bfdd003c973e6452769aad8d91 .owl-nav a.owl-next i {\n  padding: 0px 0px 0px 0px;\n}\n.gallery-carousel-shortcode.gallery-carousel-shortcode-id-f805f1bfdd003c973e6452769aad8d91 .owl-nav i {\n  font-size: 18px;\n}\n.gallery-carousel-shortcode.gallery-carousel-shortcode-id-f805f1bfdd003c973e6452769aad8d91 .owl-nav a:not(:hover) i,\n.gallery-carousel-shortcode.gallery-carousel-shortcode-id-f805f1bfdd003c973e6452769aad8d91 .owl-nav a:not(:hover) i:before {\n  color: #ffffff;\n  background: none;\n}\n.gallery-carousel-shortcode.gallery-carousel-shortcode-id-f805f1bfdd003c973e6452769aad8d91 .owl-nav a:hover i,\n.gallery-carousel-shortcode.gallery-carousel-shortcode-id-f805f1bfdd003c973e6452769aad8d91 .owl-nav a:hover i:before {\n  color: rgba(255,255,255,0.75);\n  background: none;\n}\n.gallery-carousel-shortcode.gallery-carousel-shortcode-id-f805f1bfdd003c973e6452769aad8d91 .owl-dots {\n  top: calc(100% + 20px);\n  left: 50%;\n  transform: translateX(calc(-50% + 0px));\n}\n@media all and (-ms-high-contrast: none) {\n  .gallery-carousel-shortcode.gallery-carousel-shortcode-id-f805f1bfdd003c973e6452769aad8d91 .owl-dots {\n    transform: translateX(-50%);\n    margin-left: 0px;\n  }\n}\n.gallery-carousel-shortcode.gallery-carousel-shortcode-id-f805f1bfdd003c973e6452769aad8d91 .owl-dot {\n  width: 10px;\n  height: 10px;\n  margin: 0 8px;\n}\n@media screen and (max-width: 778px) {\n  .gallery-carousel-shortcode.gallery-carousel-shortcode-id-f805f1bfdd003c973e6452769aad8d91.hide-arrows .owl-nav a {\n    display: none;\n  }\n}\n@media screen and (max-width: 778px) {\n  .gallery-carousel-shortcode.gallery-carousel-shortcode-id-f805f1bfdd003c973e6452769aad8d91.reposition-arrows .owl-nav .owl-prev {\n    top: 50%;\n    transform: translateY(calc(-50% + 0px));\n    left: 10px;\n  }\n  .gallery-carousel-shortcode.gallery-carousel-shortcode-id-f805f1bfdd003c973e6452769aad8d91.reposition-arrows .owl-nav .owl-next {\n    top: 50%;\n    transform: translateY(calc(-50% + 0px));\n    right: 10px;\n  }\n}\n@media screen and (max-width: 778px) and all and (-ms-high-contrast: none) {\n  .gallery-carousel-shortcode.gallery-carousel-shortcode-id-f805f1bfdd003c973e6452769aad8d91.reposition-arrows .owl-nav .owl-prev {\n    transform: translateY(-50%);\n    margin-top: 0px;\n  }\n}\n@media screen and (max-width: 778px) and all and (-ms-high-contrast: none) {\n  .gallery-carousel-shortcode.gallery-carousel-shortcode-id-f805f1bfdd003c973e6452769aad8d91.reposition-arrows .owl-nav .owl-next {\n    transform: translateY(-50%);\n    margin-top: 0px;\n  }\n}\n.gallery-carousel-shortcode.gallery-carousel-shortcode-id-f805f1bfdd003c973e6452769aad8d91 figure,\n.gallery-carousel-shortcode.gallery-carousel-shortcode-id-f805f1bfdd003c973e6452769aad8d91 .rollover,\n.gallery-carousel-shortcode.gallery-carousel-shortcode-id-f805f1bfdd003c973e6452769aad8d91 img,\n.gallery-carousel-shortcode.gallery-carousel-shortcode-id-f805f1bfdd003c973e6452769aad8d91 .gallery-rollover {\n  border-radius: 0px;\n}\n.gallery-carousel-shortcode.gallery-carousel-shortcode-id-f805f1bfdd003c973e6452769aad8d91.enable-bg-rollover .gallery-rollover {\n  background: -webkit-linear-gradient();\n  background: linear-gradient();\n}\n.gallery-carousel-shortcode.gallery-carousel-shortcode-id-f805f1bfdd003c973e6452769aad8d91.enable-img-shadow .owl-stage-outer {\n  padding: 14px 0;\n}\n.gallery-carousel-shortcode.gallery-carousel-shortcode-id-f805f1bfdd003c973e6452769aad8d91.enable-bg-rollover.hover-scale figure .rollover:after {\n  background: -webkit-linear-gradient();\n  background: linear-gradient();\n}\n.gallery-carousel-shortcode.gallery-carousel-shortcode-id-f805f1bfdd003c973e6452769aad8d91.gallery-shortcode .gallery-zoom-ico {\n  width: 44px;\n  height: 44px;\n  line-height: 44px;\n  border-radius: 100px;\n  margin: -22px 0 0 -22px;\n  border-width: 0px;\n}\n.dt-icon-bg-on.gallery-carousel-shortcode.gallery-carousel-shortcode-id-f805f1bfdd003c973e6452769aad8d91.gallery-shortcode .gallery-zoom-ico {\n  background: rgba(255,255,255,0.3);\n  box-shadow: none;\n}\n.gallery-carousel-shortcode.gallery-carousel-shortcode-id-f805f1bfdd003c973e6452769aad8d91.gallery-shortcode .gallery-zoom-ico:before,\n.gallery-carousel-shortcode.gallery-carousel-shortcode-id-f805f1bfdd003c973e6452769aad8d91.gallery-shortcode .gallery-zoom-ico span {\n  font-size: 32px;\n  line-height: 44px;\n  color: #ffffff;\n  background: none;\n}\n<\/style><div class=\"owl-carousel gallery-carousel-shortcode gallery-shortcode  dt-gallery-container dt-owl-carousel-call gallery-carousel-shortcode-id-f805f1bfdd003c973e6452769aad8d91 quick-scale-img enable-bg-rollover meta-info-off dt-arrow-border-on dt-arrow-hover-border-on bullets-small-dot-stroke reposition-arrows dt-icon-bg-off arrows-bg-on disable-arrows-hover-bg arrows-hover-bg-on  hover-fade\" data-scroll-mode=\"1\" data-col-num=\"1\" data-wide-col-num=\"1\" data-laptop-col=\"1\" data-h-tablet-columns-num=\"1\" data-v-tablet-columns-num=\"1\" data-phone-columns-num=\"1\" data-col-gap=\"10\" data-stage-padding=\"0\" data-speed=\"700\" data-autoplay=\"false\" data-autoplay_speed=\"6000\" data-arrows=\"false\" data-bullet=\"true\" data-next-icon=\"icon-ar-017-r\" data-prev-icon=\"icon-ar-017-l\" data-img-shadow-size=\"12px\" data-img-shadow-spread=\"3px\"><div data-post-id=\"1480\" data-date=\"2022-10-22T09:51:14+02:00\" data-name=\"Vagner-servis-Murvica\"><figure class=\"post\"><a href=\"https:\/\/migrupa.com\/wp-content\/uploads\/2022\/10\/Vagner-servis-Murvica.jpg\" class=\"rollover dt-pswp-item layzr-bg\" data-large_image_width=\"1100\" data-large_image_height=\"700\" data-dt-img-description=\"\" title=\"Vagner-servis-Murvica\"><img decoding=\"async\" class=\"preload-me owl-lazy-load aspect\" src=\"data:image\/svg+xml,%3Csvg%20xmlns%3D&#39;http%3A%2F%2Fwww.w3.org%2F2000%2Fsvg&#39;%20viewBox%3D&#39;0%200%201100%20700&#39;%2F%3E\" data-src=\"https:\/\/migrupa.com\/wp-content\/uploads\/2022\/10\/Vagner-servis-Murvica.jpg\" data-srcset=\"https:\/\/migrupa.com\/wp-content\/uploads\/2022\/10\/Vagner-servis-Murvica.jpg 1100w\" loading=\"eager\" style=\"--ratio: 1100 \/ 700\" sizes=\"(max-width: 1100px) 100vw, 1100px\" alt=\"\" width=\"1100\" height=\"700\"  \/><span class=\"gallery-rollover\"><span class=\"gallery-zoom-ico icomoon-the7-font-the7-zoom-06\"><span><\/span><\/span><\/span><\/a><\/figure><\/div><div data-post-id=\"1481\" data-date=\"2022-10-22T09:51:34+02:00\" data-name=\"Tommy-Starigrad\"><figure class=\"post\"><a href=\"https:\/\/migrupa.com\/wp-content\/uploads\/2022\/10\/Tommy-Starigrad.jpg\" class=\"rollover dt-pswp-item layzr-bg\" data-large_image_width=\"1100\" data-large_image_height=\"700\" data-dt-img-description=\"\" title=\"Tommy-Starigrad\"><img decoding=\"async\" class=\"preload-me owl-lazy-load aspect\" src=\"data:image\/svg+xml,%3Csvg%20xmlns%3D&#39;http%3A%2F%2Fwww.w3.org%2F2000%2Fsvg&#39;%20viewBox%3D&#39;0%200%201100%20700&#39;%2F%3E\" data-src=\"https:\/\/migrupa.com\/wp-content\/uploads\/2022\/10\/Tommy-Starigrad.jpg\" data-srcset=\"https:\/\/migrupa.com\/wp-content\/uploads\/2022\/10\/Tommy-Starigrad.jpg 1100w\" loading=\"eager\" style=\"--ratio: 1100 \/ 700\" sizes=\"(max-width: 1100px) 100vw, 1100px\" alt=\"\" width=\"1100\" height=\"700\"  \/><span class=\"gallery-rollover\"><span class=\"gallery-zoom-ico icomoon-the7-font-the7-zoom-06\"><span><\/span><\/span><\/span><\/a><\/figure><\/div><div data-post-id=\"1482\" data-date=\"2022-10-22T09:51:42+02:00\" data-name=\"Violeta-Grude\"><figure class=\"post\"><a href=\"https:\/\/migrupa.com\/wp-content\/uploads\/2022\/10\/Violeta-Grude.jpg\" class=\"rollover dt-pswp-item layzr-bg\" data-large_image_width=\"1100\" data-large_image_height=\"700\" data-dt-img-description=\"\" title=\"Violeta-Grude\"><img decoding=\"async\" class=\"preload-me owl-lazy-load aspect\" src=\"data:image\/svg+xml,%3Csvg%20xmlns%3D&#39;http%3A%2F%2Fwww.w3.org%2F2000%2Fsvg&#39;%20viewBox%3D&#39;0%200%201100%20700&#39;%2F%3E\" data-src=\"https:\/\/migrupa.com\/wp-content\/uploads\/2022\/10\/Violeta-Grude.jpg\" data-srcset=\"https:\/\/migrupa.com\/wp-content\/uploads\/2022\/10\/Violeta-Grude.jpg 1100w\" loading=\"eager\" style=\"--ratio: 1100 \/ 700\" sizes=\"(max-width: 1100px) 100vw, 1100px\" alt=\"\" width=\"1100\" height=\"700\"  \/><span class=\"gallery-rollover\"><span class=\"gallery-zoom-ico icomoon-the7-font-the7-zoom-06\"><span><\/span><\/span><\/span><\/a><\/figure><\/div><div data-post-id=\"1483\" data-date=\"2022-10-22T09:51:59+02:00\" data-name=\"Kaufland-Makarska\"><figure class=\"post\"><a href=\"https:\/\/migrupa.com\/wp-content\/uploads\/2022\/10\/Kaufland-Makarska.jpg\" class=\"rollover dt-pswp-item layzr-bg\" data-large_image_width=\"1100\" data-large_image_height=\"700\" data-dt-img-description=\"\" title=\"Kaufland-Makarska\"><img decoding=\"async\" class=\"preload-me owl-lazy-load aspect\" src=\"data:image\/svg+xml,%3Csvg%20xmlns%3D&#39;http%3A%2F%2Fwww.w3.org%2F2000%2Fsvg&#39;%20viewBox%3D&#39;0%200%201100%20700&#39;%2F%3E\" data-src=\"https:\/\/migrupa.com\/wp-content\/uploads\/2022\/10\/Kaufland-Makarska.jpg\" data-srcset=\"https:\/\/migrupa.com\/wp-content\/uploads\/2022\/10\/Kaufland-Makarska.jpg 1100w\" loading=\"eager\" style=\"--ratio: 1100 \/ 700\" sizes=\"(max-width: 1100px) 100vw, 1100px\" alt=\"\" width=\"1100\" height=\"700\"  \/><span class=\"gallery-rollover\"><span class=\"gallery-zoom-ico icomoon-the7-font-the7-zoom-06\"><span><\/span><\/span><\/span><\/a><\/figure><\/div><\/div><\/div><\/div><\/div><\/div><\/div><\/div><\/div><\/div>\n<\/div>","protected":false},"excerpt":{"rendered":"<p>In\u017eenjering i konzalting Nudimo konzultantske usluge planiranja i vo\u0111enja projekata te brzu prezentaciju optimalnih rje\u0161enja za Va\u0161 projekt uz pomo\u0107 suvremene ra\u010dunalne grafike. Izgradnja slo\u017eenih gra\u0111evinskih objekata po principu \u201eklju\u010d u ruke\u201c zahtjeva stru\u010dno i u\u010dinkovito vo\u0111enje i upravljanje projektom kroz kontinuiranu kontrolu tehni\u010dkih i financijskih dijelova projekta \u2013 po\u010dev\u0161i od idejne faze preko realizacije&hellip;<\/p>","protected":false},"author":1,"featured_media":0,"parent":0,"menu_order":0,"comment_status":"closed","ping_status":"closed","template":"","meta":{"footnotes":""},"class_list":["post-1468","page","type-page","status-publish","hentry","description-off"],"_links":{"self":[{"href":"http:\/\/migrupa.com\/en\/wp-json\/wp\/v2\/pages\/1468","targetHints":{"allow":["GET"]}}],"collection":[{"href":"http:\/\/migrupa.com\/en\/wp-json\/wp\/v2\/pages"}],"about":[{"href":"http:\/\/migrupa.com\/en\/wp-json\/wp\/v2\/types\/page"}],"author":[{"embeddable":true,"href":"http:\/\/migrupa.com\/en\/wp-json\/wp\/v2\/users\/1"}],"replies":[{"embeddable":true,"href":"http:\/\/migrupa.com\/en\/wp-json\/wp\/v2\/comments?post=1468"}],"version-history":[{"count":9,"href":"http:\/\/migrupa.com\/en\/wp-json\/wp\/v2\/pages\/1468\/revisions"}],"predecessor-version":[{"id":1485,"href":"http:\/\/migrupa.com\/en\/wp-json\/wp\/v2\/pages\/1468\/revisions\/1485"}],"wp:attachment":[{"href":"http:\/\/migrupa.com\/en\/wp-json\/wp\/v2\/media?parent=1468"}],"curies":[{"name":"wp","href":"https:\/\/api.w.org\/{rel}","templated":true}]}}